{"id":4237,"date":"2025-09-16T10:17:21","date_gmt":"2025-09-16T07:17:21","guid":{"rendered":"https:\/\/tastana.com\/nl\/product\/portemonnee\/"},"modified":"2025-09-22T17:26:20","modified_gmt":"2025-09-22T14:26:20","slug":"portemonnee","status":"publish","type":"product","link":"https:\/\/tastana.com\/nl\/product\/portemonnee\/","title":{"rendered":"Portemonnee"},"content":{"rendered":"<p style=\"text-align: center\" data-start=\"146\" data-end=\"458\"><strong data-start=\"146\" data-end=\"226\">Alles-In-\u00c9\u00e9n Portemonnee, Clutch En Telefoonhouder &#8211; Slim En Stijlvol! \ud83d\udcf1\ud83d\udcbc<\/strong><br data-start=\"226\" data-end=\"229\" \/>Deze gestroomlijnde portemonnee van PU-leer is de perfecte metgezel voor elke dag. Hij houdt je essenti\u00eble zaken &#8211; geld, pasjes, munten en telefoon &#8211; georganiseerd in \u00e9\u00e9n compact en elegant tasje. Duurzaam, stijlvol en praktisch voor op reis, boodschappen of dagelijks gebruik.<\/p>\n<p data-start=\"146\" data-end=\"458\"><img decoding=\"async\" class=\"size-full wp-image-24989 aligncenter\" src=\"https:\/\/keluvo.com\/template\/wp-content\/uploads\/sites\/5\/2025\/06\/06251-ezgif.com-video-to-webp-converter.webp\" alt=\"\" \/><\/p>\n<h2 style=\"text-align: center\" data-start=\"465\" data-end=\"487\">Belangrijkste Voordelen \ud83e\udde1<\/h2>\n<p data-start=\"490\" data-end=\"552\">\ud83d\udcf1 Voor uw smartphone, pasjes, geld en munten op \u00e9\u00e9n plek<\/p>\n<p data-start=\"555\" data-end=\"612\">\ud83e\uddf5 Gemaakt van zacht, duurzaam PU-leer met een eersteklas uitstraling<\/p>\n<p data-start=\"615\" data-end=\"663\">\ud83d\udd10 Veilige ritssluiting houdt alles safe<\/p>\n<p data-start=\"666\" data-end=\"714\">\ud83d\udd90\ufe0f Wordt geleverd met een polsband voor eenvoudig carrying<\/p>\n<p data-start=\"717\" data-end=\"773\">\u2708\ufe0f Perfect voor op reis, dagelijkse woon-werkverkeer of casual uitjes<\/p>\n<p data-start=\"717\" data-end=\"773\"><img decoding=\"async\" class=\"size-full wp-image-24993 aligncenter\" src=\"https:\/\/keluvo.com\/template\/wp-content\/uploads\/sites\/5\/2025\/06\/345be0f6-815a-46ce-8247-06a50fdc7873.webp\" alt=\"\" \/><\/p>\n<h2 style=\"text-align: center\" data-start=\"780\" data-end=\"799\">Hoe Te Gebruiken \ud83d\udc47<\/h2>\n<ol data-start=\"800\" data-end=\"932\">\n<li data-start=\"800\" data-end=\"846\">\n<p data-start=\"803\" data-end=\"846\">Binnenin berg je je telefoon, geld en pasjes op<\/p>\n<\/li>\n<li data-start=\"847\" data-end=\"887\">\n<p data-start=\"850\" data-end=\"887\">Rits hem dicht om alles veilig te houden<\/p>\n<\/li>\n<li data-start=\"888\" data-end=\"932\">\n<p data-start=\"891\" data-end=\"932\">Gebruik de polsband om hem gemakkelijk te dragen<\/p>\n<\/li>\n<\/ol>\n<h2 style=\"text-align: center\" data-start=\"939\" data-end=\"963\">Product Details \ud83d\udccb<\/h2>\n<ul data-start=\"964\" data-end=\"1129\">\n<li data-start=\"964\" data-end=\"988\">\n<p data-start=\"966\" data-end=\"988\">Materiaal: PU leer<\/p>\n<\/li>\n<li data-start=\"1037\" data-end=\"1083\">\n<p data-start=\"1039\" data-end=\"1083\">Compact en lichtgewicht voor dagelijks gebruik<\/p>\n<\/li>\n<li data-start=\"1084\" data-end=\"1129\">\n<p data-start=\"1086\" data-end=\"1129\">Stijlvol ontwerp met functionele vakken<\/p>\n<\/li>\n<\/ul>\n<h2 style=\"text-align: center\" data-start=\"1136\" data-end=\"1161\">Pakket Bevat \ud83d\udce6<\/h2>\n<ul data-start=\"1162\" data-end=\"1208\">\n<li data-start=\"1162\" data-end=\"1208\">\n<p data-start=\"1164\" data-end=\"1208\">1x portemonnee.<\/p>\n<\/li>\n<\/ul>\n","protected":false},"excerpt":{"rendered":"<p>Alles-In-\u00c9\u00e9n Portemonnee, Clutch En Telefoonhouder &#8211; Slim En Stijlvol! \ud83d\udcf1\ud83d\udcbcDeze gestroomlijnde portemonnee van PU-leer is de perfecte metgezel voor elke [&hellip;]<\/p>\n","protected":false},"featured_media":4233,"template":"","meta":{"om_disable_all_campaigns":false,"site-sidebar-layout":"default","site-content-layout":"","ast-site-content-layout":"default","site-content-style":"default","site-sidebar-style":"default","ast-global-header-display":"","ast-banner-title-visibility":"","ast-main-header-display":"","ast-hfb-above-header-display":"","ast-hfb-below-header-display":"","ast-hfb-mobile-header-display":"","site-post-title":"","ast-breadcrumbs-content":"","ast-featured-img":"","footer-sml-layout":"","theme-transparent-header-meta":"default","adv-header-id-meta":"","stick-header-meta":"","header-above-stick-meta":"","header-main-stick-meta":"","header-below-stick-meta":"","astra-migrate-meta-layouts":"set","ast-page-background-enabled":"default","ast-page-background-meta":{"desktop":{"background-color":"var(--ast-global-color-5)","background-image":"","background-repeat":"repeat","background-position":"center center","background-size":"auto","background-attachment":"scroll","background-type":"","background-media":"","overlay-type":"","overlay-color":"","overlay-opacity":"","overlay-gradient":""},"tablet":{"background-color":"","background-image":"","background-repeat":"repeat","background-position":"center center","background-size":"auto","background-attachment":"scroll","background-type":"","background-media":"","overlay-type":"","overlay-color":"","overlay-opacity":"","overlay-gradient":""},"mobile":{"background-color":"","background-image":"","background-repeat":"repeat","background-position":"center center","background-size":"auto","background-attachment":"scroll","background-type":"","background-media":"","overlay-type":"","overlay-color":"","overlay-opacity":"","overlay-gradient":""}},"ast-content-background-meta":{"desktop":{"background-color":"var(--ast-global-color-4)","background-image":"","background-repeat":"repeat","background-position":"center center","background-size":"auto","background-attachment":"scroll","background-type":"","background-media":"","overlay-type":"","overlay-color":"","overlay-opacity":"","overlay-gradient":""},"tablet":{"background-color":"var(--ast-global-color-4)","background-image":"","background-repeat":"repeat","background-position":"center center","background-size":"auto","background-attachment":"scroll","background-type":"","background-media":"","overlay-type":"","overlay-color":"","overlay-opacity":"","overlay-gradient":""},"mobile":{"background-color":"var(--ast-global-color-4)","background-image":"","background-repeat":"repeat","background-position":"center center","background-size":"auto","background-attachment":"scroll","background-type":"","background-media":"","overlay-type":"","overlay-color":"","overlay-opacity":"","overlay-gradient":""}}},"product_brand":[],"product_cat":[31],"product_tag":[],"class_list":{"0":"post-4237","1":"product","2":"type-product","3":"status-publish","4":"has-post-thumbnail","6":"product_cat-uncategorized","7":"pa_29648_yzpy2y7l-champagne","8":"pa_29648_yzpy2y7l-chocolade","9":"pa_29648_yzpy2y7l-zwart","10":"desktop-align-left","11":"tablet-align-left","12":"mobile-align-left","14":"first","15":"instock","16":"shipping-taxable","17":"purchasable","18":"product-type-variable"},"_links":{"self":[{"href":"https:\/\/tastana.com\/nl\/wp-json\/wp\/v2\/product\/4237","targetHints":{"allow":["GET"]}}],"collection":[{"href":"https:\/\/tastana.com\/nl\/wp-json\/wp\/v2\/product"}],"about":[{"href":"https:\/\/tastana.com\/nl\/wp-json\/wp\/v2\/types\/product"}],"wp:featuredmedia":[{"embeddable":true,"href":"https:\/\/tastana.com\/nl\/wp-json\/wp\/v2\/media\/4233"}],"wp:attachment":[{"href":"https:\/\/tastana.com\/nl\/wp-json\/wp\/v2\/media?parent=4237"}],"wp:term":[{"taxonomy":"product_brand","embeddable":true,"href":"https:\/\/tastana.com\/nl\/wp-json\/wp\/v2\/product_brand?post=4237"},{"taxonomy":"product_cat","embeddable":true,"href":"https:\/\/tastana.com\/nl\/wp-json\/wp\/v2\/product_cat?post=4237"},{"taxonomy":"product_tag","embeddable":true,"href":"https:\/\/tastana.com\/nl\/wp-json\/wp\/v2\/product_tag?post=4237"}],"curies":[{"name":"wp","href":"https:\/\/api.w.org\/{rel}","templated":true}]}}